{"id":122,"date":"2024-04-07T21:45:59","date_gmt":"2024-04-07T19:45:59","guid":{"rendered":"http:\/\/wp.kanu-wanderer-braunschweig.de\/?page_id=122"},"modified":"2024-04-07T21:45:59","modified_gmt":"2024-04-07T19:45:59","slug":"verein","status":"publish","type":"page","link":"https:\/\/wp.kanu-wanderer-braunschweig.de\/index.php\/verein\/","title":{"rendered":"Verein"},"content":{"rendered":"\n<p>Der Verein wurde Anfang der 80er Jahre von einigen Paddlern gegr\u00fcndet und begann von Vorneherein eine Kooperation mit der Kanugruppe des Unisport der TU-Braunschweig.<\/p>\n\n\n\n<p>Inzwischen hat der Verein etwa 200 Mitglieder, bunt zusammengemischt aus Sch\u00fclern, Studenten, Einzelfahrern, Familien,&#8230;<\/p>\n\n\n\n<p>Im Verein fanden sich Paddler aus den verschiedenen Disziplinen, neben Wildwasserfahrern auch Wanderfahrer, sowohl mit Kajak als auch mit Canadier. Anfangs war er in \u00d6lper, einem der n\u00f6rdlichen Stadtteile Braunschweigs, beheimatet. Das Bootshaus dort musste jedoch ger\u00e4umt werden, so dass sich die Mitglieder entschlossen sich im S\u00fcden Braunschweigs, auf dem Gel\u00e4nde des Kennel-Bads, neu anzusiedeln. Zuerst wurde ein neues Bootshaus gebaut. Nach dem kompletten Umzug des Vereins begann dann der Neubau eines Vereinshauses neben dem Bootshaus.<br>Die Bauarbeiten und viele der anfallenden Aufgaben rund um den Bau wurden zu einem sehr gro\u00dfen Teil von den Mitgliedern des Vereins und der Uni-Kanugruppe geleistet.<\/p>\n\n\n\n<p>Auf der&nbsp;<a href=\"https:\/\/www.kanu-wanderer-braunschweig.de\/cms\/index.php?page=unterlagen-download\">folgenden Seite<\/a>&nbsp;gibt es weitere Informationen zur Mitgliedschaft bei den Kanu Wanderern.<\/p>\n","protected":false},"excerpt":{"rendered":"<p>Der Verein wurde Anfang der 80er Jahre von einigen Paddlern gegr\u00fcndet und begann von Vorneherein eine Kooperation mit der Kanugruppe des Unisport der TU-Braunschweig. Inzwischen hat der Verein etwa 200 Mitglieder, bunt zusammengemischt aus Sch\u00fclern, Studenten, Einzelfahrern, Familien,&#8230; Im Verein fanden sich Paddler aus den verschiedenen Disziplinen, neben Wildwasserfahrern auch Wanderfahrer, sowohl mit Kajak als [&hellip;]<\/p>\n","protected":false},"author":1,"featured_media":0,"parent":0,"menu_order":0,"comment_status":"closed","ping_status":"closed","template":"","meta":{"footnotes":""},"class_list":["post-122","page","type-page","status-publish","hentry"],"_links":{"self":[{"href":"https:\/\/wp.kanu-wanderer-braunschweig.de\/index.php\/wp-json\/wp\/v2\/pages\/122","targetHints":{"allow":["GET"]}}],"collection":[{"href":"https:\/\/wp.kanu-wanderer-braunschweig.de\/index.php\/wp-json\/wp\/v2\/pages"}],"about":[{"href":"https:\/\/wp.kanu-wanderer-braunschweig.de\/index.php\/wp-json\/wp\/v2\/types\/page"}],"author":[{"embeddable":true,"href":"https:\/\/wp.kanu-wanderer-braunschweig.de\/index.php\/wp-json\/wp\/v2\/users\/1"}],"replies":[{"embeddable":true,"href":"https:\/\/wp.kanu-wanderer-braunschweig.de\/index.php\/wp-json\/wp\/v2\/comments?post=122"}],"version-history":[{"count":1,"href":"https:\/\/wp.kanu-wanderer-braunschweig.de\/index.php\/wp-json\/wp\/v2\/pages\/122\/revisions"}],"predecessor-version":[{"id":123,"href":"https:\/\/wp.kanu-wanderer-braunschweig.de\/index.php\/wp-json\/wp\/v2\/pages\/122\/revisions\/123"}],"wp:attachment":[{"href":"https:\/\/wp.kanu-wanderer-braunschweig.de\/index.php\/wp-json\/wp\/v2\/media?parent=122"}],"curies":[{"name":"wp","href":"https:\/\/api.w.org\/{rel}","templated":true}]}}