{"id":46,"date":"2023-09-13T21:14:05","date_gmt":"2023-09-13T19:14:05","guid":{"rendered":"http:\/\/wp.kanu-wanderer-braunschweig.de\/?page_id=46"},"modified":"2024-04-07T21:46:17","modified_gmt":"2024-04-07T19:46:17","slug":"bootshaus","status":"publish","type":"page","link":"https:\/\/wp.kanu-wanderer-braunschweig.de\/index.php\/verein\/bootshaus\/","title":{"rendered":"Bootshaus"},"content":{"rendered":"\n<p>Das Vereinsgel\u00e4nde mit dem Bootshaus und dem Vereinshaus befindet sich im Braunschweiger Stadtteil Gartenstadt, direkt an der Oker und unmittelbar neben dem Kennel-Bad.<\/p>\n\n\n\n<p>Bis 2004 hatte der Verein seine Bleibe in \u00d6lper, direkt am \u00d6lper Wehr. Da der Pachtvertrag f\u00fcr das Grundst\u00fcck und die Geb\u00e4ude auslief musste eine neue Bleibe f\u00fcr den Verein gefunden werden.<br>So wurde 2003 mit den Vorbereitungen f\u00fcr den Neubau des Bootshauses begonnen, 2004 war die Einweihung.&nbsp; Von 2005 bis 2006 wurde neben dem Bootshaus ein neues Vereinshaus errichtet.<\/p>\n\n\n\n<p>Da das bisherige Bootshaus zu klein wurde, wurde 2023 ein zus\u00e4tzliches Bootshaus neben dem Vereinshaus errichtet.<\/p>\n\n\n\n<p><img loading=\"lazy\" decoding=\"async\" src=\"https:\/\/www.kanu-wanderer-braunschweig.de\/cms\/uploads\/images\/fotos\/seiten\/vereinshaus_baustelle.jpg\" alt=\"Vereinshaus Baustelle\" width=\"400\" height=\"300\"><br>Das Vereinshaus im Bau, 2005<\/p>\n","protected":false},"excerpt":{"rendered":"<p>Das Vereinsgel\u00e4nde mit dem Bootshaus und dem Vereinshaus befindet sich im Braunschweiger Stadtteil Gartenstadt, direkt an der Oker und unmittelbar neben dem Kennel-Bad. Bis 2004 hatte der Verein seine Bleibe in \u00d6lper, direkt am \u00d6lper Wehr. Da der Pachtvertrag f\u00fcr das Grundst\u00fcck und die Geb\u00e4ude auslief musste eine neue Bleibe f\u00fcr den Verein gefunden werden.So [&hellip;]<\/p>\n","protected":false},"author":1,"featured_media":0,"parent":122,"menu_order":0,"comment_status":"closed","ping_status":"closed","template":"","meta":{"footnotes":""},"class_list":["post-46","page","type-page","status-publish","hentry"],"_links":{"self":[{"href":"https:\/\/wp.kanu-wanderer-braunschweig.de\/index.php\/wp-json\/wp\/v2\/pages\/46","targetHints":{"allow":["GET"]}}],"collection":[{"href":"https:\/\/wp.kanu-wanderer-braunschweig.de\/index.php\/wp-json\/wp\/v2\/pages"}],"about":[{"href":"https:\/\/wp.kanu-wanderer-braunschweig.de\/index.php\/wp-json\/wp\/v2\/types\/page"}],"author":[{"embeddable":true,"href":"https:\/\/wp.kanu-wanderer-braunschweig.de\/index.php\/wp-json\/wp\/v2\/users\/1"}],"replies":[{"embeddable":true,"href":"https:\/\/wp.kanu-wanderer-braunschweig.de\/index.php\/wp-json\/wp\/v2\/comments?post=46"}],"version-history":[{"count":1,"href":"https:\/\/wp.kanu-wanderer-braunschweig.de\/index.php\/wp-json\/wp\/v2\/pages\/46\/revisions"}],"predecessor-version":[{"id":47,"href":"https:\/\/wp.kanu-wanderer-braunschweig.de\/index.php\/wp-json\/wp\/v2\/pages\/46\/revisions\/47"}],"up":[{"embeddable":true,"href":"https:\/\/wp.kanu-wanderer-braunschweig.de\/index.php\/wp-json\/wp\/v2\/pages\/122"}],"wp:attachment":[{"href":"https:\/\/wp.kanu-wanderer-braunschweig.de\/index.php\/wp-json\/wp\/v2\/media?parent=46"}],"curies":[{"name":"wp","href":"https:\/\/api.w.org\/{rel}","templated":true}]}}