{"id":71,"date":"2024-01-23T21:40:59","date_gmt":"2024-01-23T20:40:59","guid":{"rendered":"http:\/\/wp.kanu-wanderer-braunschweig.de\/?page_id=71"},"modified":"2024-04-07T10:36:57","modified_gmt":"2024-04-07T08:36:57","slug":"entfernungstabelle","status":"publish","type":"page","link":"https:\/\/wp.kanu-wanderer-braunschweig.de\/index.php\/entfernungstabelle\/","title":{"rendered":"Entfernungstabelle"},"content":{"rendered":"\n<p>Entfernungen f\u00fcr Ausfl\u00fcge in der Umgebung.<br>Aufstellung nach dem DKV Gew\u00e4sserf\u00fchrer Nordwestdeutschland 12. Auflage 2014.<\/p>\n\n\n\n<figure class=\"wp-block-table\"><table><thead><tr><th>Ziel<\/th><th>Fluss-km laut Gew\u00e4sserf\u00fchrer<\/th><th>Entfernung ab\/bis Bootshaus KWB<\/th><\/tr><\/thead><tbody><tr><td>Schladen Stra\u00dfenbr\u00fccke<\/td><td>87,9<\/td><td>31,7<\/td><\/tr><tr><td>B\u00f6r\u00dfum Stra\u00dfenbr\u00fccke<\/td><td>82,5<\/td><td>26,3<\/td><\/tr><tr><td>Wehr Hedwigsburg (Ohrum)<\/td><td>76,3<\/td><td>20,1<\/td><\/tr><tr><td>Wolfenb\u00fcttel Br\u00fccke Halberst\u00e4tterstr.<\/td><td>71,3<\/td><td>15,1<\/td><\/tr><tr><td>Wehr Wallstr.<\/td><td>69,4<\/td><td>13,2<\/td><\/tr><tr><td>Wehr Kenosha-Br\u00fccke<\/td><td>68,8<\/td><td>12,6<\/td><\/tr><tr><td>Leiferde Stra\u00dfenbr\u00fccke<\/td><td>62,7<\/td><td>6,5<\/td><\/tr><tr><td>Wehr R\u00fcningen<\/td><td>60,2<\/td><td>4,0<\/td><\/tr><tr><td>Fu\u00dfg\u00e4ngerbr\u00fccke Melverode<\/td><td>58,7<\/td><td>2,5<\/td><\/tr><tr><td>Schloss Richmond<\/td><td>56,6<\/td><td>0,4<\/td><\/tr><tr><td>Bootshaus KWB<\/td><td>ca. 56,2<\/td><td>0<\/td><\/tr><tr><td>Eisenb\u00fcttler Wehr&nbsp;<\/td><td>55,8<\/td><td>0,4<\/td><\/tr><tr><td>Bootshaus BKC<\/td><td>55,2<\/td><td>1,0<\/td><\/tr><tr><td>Bootshaus RSV \/ PSV<\/td><td>55,1<\/td><td>1,1<\/td><\/tr><tr><td>Alter Bahnhof<\/td><td>54,0<\/td><td>2,2<\/td><\/tr><tr><td>Maschwehr<\/td><td>51,8<\/td><td>4,4<\/td><\/tr><tr><td>\u00d6lpersee<\/td><td>48,7<\/td><td>7,5<\/td><\/tr><tr><td>Wehr \u00d6lper<\/td><td>48,6<\/td><td>7,6<\/td><\/tr><tr><td>Veltenhof Stra\u00dfenbr\u00fccke<\/td><td>43,3<\/td><td>12,9<\/td><\/tr><tr><td>D\u00fcker Mittellandkanal<\/td><td>38,8<\/td><td>17,4<\/td><\/tr><tr><td>Wehr Rothem\u00fchle<\/td><td>34,3<\/td><td>21,9<\/td><\/tr><tr><td>Wehr Hillerse<\/td><td>21,4<\/td><td>34,8<\/td><\/tr><tr><td>Wehr Seershausen<\/td><td>9,4<\/td><td>46,8<\/td><\/tr><tr><td>Wehr M\u00fcden &#8211; Diekhorst<\/td><td>0,3<\/td><td>55,9<\/td><\/tr><tr><td>M\u00fcndung in die Aller<\/td><td>0<\/td><td>56,2<\/td><\/tr><\/tbody><\/table><\/figure>\n","protected":false},"excerpt":{"rendered":"<p>Entfernungen f\u00fcr Ausfl\u00fcge in der Umgebung.Aufstellung nach dem DKV Gew\u00e4sserf\u00fchrer Nordwestdeutschland 12. Auflage 2014. Ziel Fluss-km laut Gew\u00e4sserf\u00fchrer Entfernung ab\/bis Bootshaus KWB Schladen Stra\u00dfenbr\u00fccke 87,9 31,7 B\u00f6r\u00dfum Stra\u00dfenbr\u00fccke 82,5 26,3 Wehr Hedwigsburg (Ohrum) 76,3 20,1 Wolfenb\u00fcttel Br\u00fccke Halberst\u00e4tterstr. 71,3 15,1 Wehr Wallstr. 69,4 13,2 Wehr Kenosha-Br\u00fccke 68,8 12,6 Leiferde Stra\u00dfenbr\u00fccke 62,7 6,5 Wehr R\u00fcningen 60,2 [&hellip;]<\/p>\n","protected":false},"author":1,"featured_media":0,"parent":0,"menu_order":3,"comment_status":"closed","ping_status":"closed","template":"","meta":{"footnotes":""},"class_list":["post-71","page","type-page","status-publish","hentry"],"_links":{"self":[{"href":"https:\/\/wp.kanu-wanderer-braunschweig.de\/index.php\/wp-json\/wp\/v2\/pages\/71","targetHints":{"allow":["GET"]}}],"collection":[{"href":"https:\/\/wp.kanu-wanderer-braunschweig.de\/index.php\/wp-json\/wp\/v2\/pages"}],"about":[{"href":"https:\/\/wp.kanu-wanderer-braunschweig.de\/index.php\/wp-json\/wp\/v2\/types\/page"}],"author":[{"embeddable":true,"href":"https:\/\/wp.kanu-wanderer-braunschweig.de\/index.php\/wp-json\/wp\/v2\/users\/1"}],"replies":[{"embeddable":true,"href":"https:\/\/wp.kanu-wanderer-braunschweig.de\/index.php\/wp-json\/wp\/v2\/comments?post=71"}],"version-history":[{"count":1,"href":"https:\/\/wp.kanu-wanderer-braunschweig.de\/index.php\/wp-json\/wp\/v2\/pages\/71\/revisions"}],"predecessor-version":[{"id":72,"href":"https:\/\/wp.kanu-wanderer-braunschweig.de\/index.php\/wp-json\/wp\/v2\/pages\/71\/revisions\/72"}],"wp:attachment":[{"href":"https:\/\/wp.kanu-wanderer-braunschweig.de\/index.php\/wp-json\/wp\/v2\/media?parent=71"}],"curies":[{"name":"wp","href":"https:\/\/api.w.org\/{rel}","templated":true}]}}