{"id":89,"date":"2024-04-07T10:42:02","date_gmt":"2024-04-07T08:42:02","guid":{"rendered":"http:\/\/wp.kanu-wanderer-braunschweig.de\/?page_id=89"},"modified":"2024-04-07T10:42:02","modified_gmt":"2024-04-07T08:42:02","slug":"infos-fuer-wasserwanderer","status":"publish","type":"page","link":"https:\/\/wp.kanu-wanderer-braunschweig.de\/index.php\/infos-fuer-wasserwanderer\/","title":{"rendered":"Infos f\u00fcr Wasserwanderer"},"content":{"rendered":"\n<p>Auf Grund der r\u00e4umlichen Situation und b\u00fcrokratischer H\u00fcrden k\u00f6nnen wir Wasserwanderern keine M\u00f6glichkeit zur \u00dcbernachtung direkt im Vereinsgel\u00e4nde anbieten. Zelten ist jedoch auf dem Gel\u00e4nde des benachbarten Freibades m\u00f6glich.<\/p>\n\n\n\n<p>Infos hierzu gibt es auf der&nbsp;<a href=\"http:\/\/www.kennel-bad.de\/\" target=\"_blank\" rel=\"noreferrer noopener\">Webseite des Kennel-Bad e. V.<\/a>. Bitte bei Interesse direkt mit dem Verein Kontakt aufnehmen.<\/p>\n","protected":false},"excerpt":{"rendered":"<p>Auf Grund der r\u00e4umlichen Situation und b\u00fcrokratischer H\u00fcrden k\u00f6nnen wir Wasserwanderern keine M\u00f6glichkeit zur \u00dcbernachtung direkt im Vereinsgel\u00e4nde anbieten. Zelten ist jedoch auf dem Gel\u00e4nde des benachbarten Freibades m\u00f6glich. Infos hierzu gibt es auf der&nbsp;Webseite des Kennel-Bad e. V.. Bitte bei Interesse direkt mit dem Verein Kontakt aufnehmen.<\/p>\n","protected":false},"author":1,"featured_media":0,"parent":0,"menu_order":7,"comment_status":"closed","ping_status":"closed","template":"","meta":{"footnotes":""},"class_list":["post-89","page","type-page","status-publish","hentry"],"_links":{"self":[{"href":"https:\/\/wp.kanu-wanderer-braunschweig.de\/index.php\/wp-json\/wp\/v2\/pages\/89","targetHints":{"allow":["GET"]}}],"collection":[{"href":"https:\/\/wp.kanu-wanderer-braunschweig.de\/index.php\/wp-json\/wp\/v2\/pages"}],"about":[{"href":"https:\/\/wp.kanu-wanderer-braunschweig.de\/index.php\/wp-json\/wp\/v2\/types\/page"}],"author":[{"embeddable":true,"href":"https:\/\/wp.kanu-wanderer-braunschweig.de\/index.php\/wp-json\/wp\/v2\/users\/1"}],"replies":[{"embeddable":true,"href":"https:\/\/wp.kanu-wanderer-braunschweig.de\/index.php\/wp-json\/wp\/v2\/comments?post=89"}],"version-history":[{"count":1,"href":"https:\/\/wp.kanu-wanderer-braunschweig.de\/index.php\/wp-json\/wp\/v2\/pages\/89\/revisions"}],"predecessor-version":[{"id":90,"href":"https:\/\/wp.kanu-wanderer-braunschweig.de\/index.php\/wp-json\/wp\/v2\/pages\/89\/revisions\/90"}],"wp:attachment":[{"href":"https:\/\/wp.kanu-wanderer-braunschweig.de\/index.php\/wp-json\/wp\/v2\/media?parent=89"}],"curies":[{"name":"wp","href":"https:\/\/api.w.org\/{rel}","templated":true}]}}