{"id":91,"date":"2024-04-07T10:43:09","date_gmt":"2024-04-07T08:43:09","guid":{"rendered":"http:\/\/wp.kanu-wanderer-braunschweig.de\/?page_id=91"},"modified":"2024-04-07T10:43:09","modified_gmt":"2024-04-07T08:43:09","slug":"kontakt-und-impressum","status":"publish","type":"page","link":"https:\/\/wp.kanu-wanderer-braunschweig.de\/index.php\/kontakt-und-impressum\/","title":{"rendered":"Kontakt und Impressum"},"content":{"rendered":"\n<p>Diese Webseite wird betrieben vom:<br>Kanu Wanderer Braunschweig e.V<\/p>\n\n\n\n<p>Bootshaus im Kennelbad<br>Kennelweg 4<br>Braunschweig<\/p>\n\n\n\n<p>Postanschrift:<br>KWB e.V.<br>J. Lesselich<br>Heckenweg 5<br>38173 Sickte<br><br>E-Mail: info@kanu-wanderer-braunschweig.de<\/p>\n\n\n\n<p>Eingetragen im Vereinsregister des Amtsgerichts Braunschweig VR 3079.<br>Mitglied im Deutschen Kanu Verband und im Stadtsportbund Braunschweig.<\/p>\n\n\n\n<p>Vertretungsberechtigter Vorstand (gem. \u00a726 BGB)<br>Vorsitzender: Bernd Kosswig<br>Kassenwart: Helge Palm<br>Schriftwart: J\u00e4pke Lesselich<\/p>\n\n\n\n<p>Ansprechpartner f\u00fcr die Webseite:<br>J\u00e4pke Lesselich<\/p>\n","protected":false},"excerpt":{"rendered":"<p>Diese Webseite wird betrieben vom:Kanu Wanderer Braunschweig e.V Bootshaus im KennelbadKennelweg 4Braunschweig Postanschrift:KWB e.V.J. LesselichHeckenweg 538173 Sickte E-Mail: info@kanu-wanderer-braunschweig.de Eingetragen im Vereinsregister des Amtsgerichts Braunschweig VR 3079.Mitglied im Deutschen Kanu Verband und im Stadtsportbund Braunschweig. Vertretungsberechtigter Vorstand (gem. \u00a726 BGB)Vorsitzender: Bernd KosswigKassenwart: Helge PalmSchriftwart: J\u00e4pke Lesselich Ansprechpartner f\u00fcr die Webseite:J\u00e4pke Lesselich<\/p>\n","protected":false},"author":1,"featured_media":0,"parent":0,"menu_order":8,"comment_status":"closed","ping_status":"closed","template":"","meta":{"footnotes":""},"class_list":["post-91","page","type-page","status-publish","hentry"],"_links":{"self":[{"href":"https:\/\/wp.kanu-wanderer-braunschweig.de\/index.php\/wp-json\/wp\/v2\/pages\/91","targetHints":{"allow":["GET"]}}],"collection":[{"href":"https:\/\/wp.kanu-wanderer-braunschweig.de\/index.php\/wp-json\/wp\/v2\/pages"}],"about":[{"href":"https:\/\/wp.kanu-wanderer-braunschweig.de\/index.php\/wp-json\/wp\/v2\/types\/page"}],"author":[{"embeddable":true,"href":"https:\/\/wp.kanu-wanderer-braunschweig.de\/index.php\/wp-json\/wp\/v2\/users\/1"}],"replies":[{"embeddable":true,"href":"https:\/\/wp.kanu-wanderer-braunschweig.de\/index.php\/wp-json\/wp\/v2\/comments?post=91"}],"version-history":[{"count":1,"href":"https:\/\/wp.kanu-wanderer-braunschweig.de\/index.php\/wp-json\/wp\/v2\/pages\/91\/revisions"}],"predecessor-version":[{"id":92,"href":"https:\/\/wp.kanu-wanderer-braunschweig.de\/index.php\/wp-json\/wp\/v2\/pages\/91\/revisions\/92"}],"wp:attachment":[{"href":"https:\/\/wp.kanu-wanderer-braunschweig.de\/index.php\/wp-json\/wp\/v2\/media?parent=91"}],"curies":[{"name":"wp","href":"https:\/\/api.w.org\/{rel}","templated":true}]}}